{"id":2609,"date":"2024-11-25T19:33:45","date_gmt":"2024-11-25T18:33:45","guid":{"rendered":"https:\/\/www.institut-nr.si\/en\/?page_id=2609"},"modified":"2026-04-08T11:09:51","modified_gmt":"2026-04-08T09:09:51","slug":"e-books","status":"publish","type":"page","link":"https:\/\/www.institut-nr.si\/en\/publications\/e-books\/","title":{"rendered":"E-BOOKS"},"content":{"rendered":"<p>[et_pb_section fb_built=&#8221;1&#8243; _builder_version=&#8221;4.22.2&#8243; _module_preset=&#8221;default&#8221; background_color=&#8221;#3A9A99&#8243; custom_padding=&#8221;30px||30px||true|false&#8221; locked=&#8221;off&#8221; collapsed=&#8221;off&#8221; global_colors_info=&#8221;{}&#8221;][et_pb_row _builder_version=&#8221;4.16&#8243; _module_preset=&#8221;default&#8221; custom_padding=&#8221;0px||0px||true|false&#8221; collapsed=&#8221;off&#8221; global_colors_info=&#8221;{}&#8221;][et_pb_column type=&#8221;4_4&#8243; _builder_version=&#8221;4.16&#8243; _module_preset=&#8221;default&#8221; global_colors_info=&#8221;{}&#8221;][et_pb_text _builder_version=&#8221;4.27.2&#8243; _module_preset=&#8221;default&#8221; header_font=&#8221;Roboto|300||on|||||&#8221; header_text_align=&#8221;center&#8221; header_text_color=&#8221;#FFFFFF&#8221; global_colors_info=&#8221;{}&#8221;]<\/p>\n<h1>E-BOOKS<\/h1>\n<p>[\/et_pb_text][\/et_pb_column][\/et_pb_row][\/et_pb_section][et_pb_section fb_built=&#8221;1&#8243; _builder_version=&#8221;4.23.1&#8243; _module_preset=&#8221;default&#8221; background_color=&#8221;#F7F7F7&#8243; global_colors_info=&#8221;{}&#8221;][et_pb_row column_structure=&#8221;2_5,3_5&#8243; custom_padding_last_edited=&#8221;on|desktop&#8221; disabled_on=&#8221;on|on|off&#8221; module_class=&#8221; et_pb_row_fullwidth et_pb_row_fullwidth et_pb_row_fullwidth et_pb_row_fullwidth et_pb_row_fullwidth et_pb_row_fullwidth et_pb_row_fullwidth&#8221; _builder_version=&#8221;4.22.2&#8243; background_color=&#8221;RGBA(0,0,0,0.06)&#8221; width_tablet=&#8221;&#8221; width_phone=&#8221;&#8221; width_last_edited=&#8221;on|phone&#8221; max_width_tablet=&#8221;&#8221; max_width_phone=&#8221;&#8221; max_width_last_edited=&#8221;on|tablet&#8221; custom_margin=&#8221;25px||||false|false&#8221; custom_padding=&#8221;20px|20px|20px|20px|true|true&#8221; custom_padding_tablet=&#8221;20px|20px|20px|20px|true|true&#8221; custom_padding_phone=&#8221;20px|20px|20px|20px|true|true&#8221; border_radii=&#8221;on|5px|5px|5px|5px&#8221; locked=&#8221;off&#8221; global_colors_info=&#8221;{}&#8221;][et_pb_column type=&#8221;2_5&#8243; _builder_version=&#8221;4.16&#8243; custom_padding=&#8221;|||&#8221; global_colors_info=&#8221;{}&#8221; custom_padding__hover=&#8221;|||&#8221;][et_pb_text _builder_version=&#8221;4.24.2&#8243; text_font=&#8221;|300|||||||&#8221; text_text_color=&#8221;#666666&#8243; text_font_size=&#8221;14px&#8221; link_text_color=&#8221;#666666&#8243; header_font=&#8221;|300|||||||&#8221; header_text_color=&#8221;#666666&#8243; header_font_size=&#8221;40px&#8221; header_line_height=&#8221;1.5em&#8221; header_2_text_color=&#8221;#f66958&#8243; header_2_font_size=&#8221;18px&#8221; header_2_line_height=&#8221;1.5em&#8221; header_3_text_color=&#8221;#f66958&#8243; header_3_font_size=&#8221;16px&#8221; header_3_line_height=&#8221;1.5em&#8221; header_4_text_color=&#8221;#f66958&#8243; header_4_font_size=&#8221;14px&#8221; header_4_line_height=&#8221;1.5em&#8221; background_color_gradient_direction=&#8221;360deg&#8221; border_radii=&#8221;on|5px|5px|5px|5px&#8221; global_colors_info=&#8221;{}&#8221;]<\/p>\n<p>Andrej Bo\u017ei\u010d (<em>ur<\/em>.)<\/p>\n<h2><strong>THINKING TOGETHERNESS<\/strong><\/h2>\n<h2><strong>Phenomenology and Sociality<\/strong><\/h2>\n<p>2023<\/p>\n<p>[\/et_pb_text][et_pb_button button_url=&#8221;https:\/\/www.institut-nr.si\/en\/thinking-togethernessphenomenology-and-sociality\/&#8221; button_text=&#8221;MORE&#8221; button_alignment=&#8221;left&#8221; button_alignment_tablet=&#8221;left&#8221; button_alignment_phone=&#8221;left&#8221; button_alignment_last_edited=&#8221;on|tablet&#8221; _builder_version=&#8221;4.27.2&#8243; _module_preset=&#8221;default&#8221; custom_button=&#8221;on&#8221; button_text_size=&#8221;14px&#8221; button_text_color=&#8221;#666666&#8243; button_border_width=&#8221;2px&#8221; button_border_color=&#8221;#666666&#8243; button_font=&#8221;||||||||&#8221; button_icon=&#8221;&#x39;||divi||400&#8243; button_on_hover=&#8221;off&#8221; custom_margin=&#8221;160px||||false|false&#8221; custom_padding=&#8221;||3px|18px|false|false&#8221; button_text_size_tablet=&#8221;13px&#8221; button_text_size_phone=&#8221;12px&#8221; button_text_size_last_edited=&#8221;on|phone&#8221; global_colors_info=&#8221;{}&#8221; button_text_color__hover=&#8221;#f66958&#8243; button_text_color__hover_enabled=&#8221;on&#8221; button_border_color__hover=&#8221;#f66958&#8243; button_border_color__hover_enabled=&#8221;on&#8221;][\/et_pb_button][\/et_pb_column][et_pb_column type=&#8221;3_5&#8243; _builder_version=&#8221;4.16&#8243; custom_padding=&#8221;|||&#8221; global_colors_info=&#8221;{}&#8221; custom_padding__hover=&#8221;|||&#8221;][et_pb_image src=&#8221;https:\/\/www.institut-nr.si\/en\/wp-content\/uploads\/2024\/11\/Thinking-Togetherness-naslovnica.jpg&#8221; align=&#8221;right&#8221; align_tablet=&#8221;right&#8221; align_phone=&#8221;right&#8221; align_last_edited=&#8221;on|desktop&#8221; _builder_version=&#8221;4.24.2&#8243; _module_preset=&#8221;default&#8221; width=&#8221;40%&#8221; max_width=&#8221;40%&#8221; global_colors_info=&#8221;{}&#8221;][\/et_pb_image][\/et_pb_column][\/et_pb_row][et_pb_row column_structure=&#8221;2_5,3_5&#8243; custom_padding_last_edited=&#8221;on|desktop&#8221; disabled_on=&#8221;off|off|on&#8221; module_class=&#8221; et_pb_row_fullwidth et_pb_row_fullwidth et_pb_row_fullwidth et_pb_row_fullwidth et_pb_row_fullwidth et_pb_row_fullwidth et_pb_row_fullwidth&#8221; _builder_version=&#8221;4.22.2&#8243; background_color=&#8221;RGBA(0,0,0,0.06)&#8221; width_tablet=&#8221;&#8221; width_phone=&#8221;&#8221; width_last_edited=&#8221;on|phone&#8221; max_width_tablet=&#8221;&#8221; max_width_phone=&#8221;&#8221; max_width_last_edited=&#8221;on|tablet&#8221; custom_margin=&#8221;25px||||false|false&#8221; custom_padding=&#8221;20px|20px|20px|20px|true|true&#8221; custom_padding_tablet=&#8221;20px|20px|20px|20px|true|true&#8221; custom_padding_phone=&#8221;20px|20px|20px|20px|true|true&#8221; border_radii=&#8221;on|5px|5px|5px|5px&#8221; locked=&#8221;off&#8221; global_colors_info=&#8221;{}&#8221;][et_pb_column type=&#8221;2_5&#8243; _builder_version=&#8221;4.16&#8243; custom_padding=&#8221;|||&#8221; global_colors_info=&#8221;{}&#8221; custom_padding__hover=&#8221;|||&#8221;][et_pb_text _builder_version=&#8221;4.24.2&#8243; text_font=&#8221;|300|||||||&#8221; text_text_color=&#8221;#666666&#8243; text_font_size=&#8221;14px&#8221; link_text_color=&#8221;#666666&#8243; header_font=&#8221;|300|||||||&#8221; header_text_color=&#8221;#666666&#8243; header_font_size=&#8221;40px&#8221; header_line_height=&#8221;1.5em&#8221; header_2_text_color=&#8221;#f66958&#8243; header_2_font_size=&#8221;18px&#8221; header_2_line_height=&#8221;1.5em&#8221; header_3_text_color=&#8221;#f66958&#8243; header_3_font_size=&#8221;16px&#8221; header_3_line_height=&#8221;1.5em&#8221; header_4_text_color=&#8221;#f66958&#8243; header_4_font_size=&#8221;14px&#8221; header_4_line_height=&#8221;1.5em&#8221; background_color_gradient_direction=&#8221;360deg&#8221; border_radii=&#8221;on|5px|5px|5px|5px&#8221; global_colors_info=&#8221;{}&#8221;]<\/p>\n<p>Andrej Bo\u017ei\u010d (<em>ur<\/em>.)<\/p>\n<h2><strong>THINKING TOGETHERNESS<\/strong><\/h2>\n<h2><strong>Phenomenology and Sociality<\/strong><\/h2>\n<p>2023<\/p>\n<p>[\/et_pb_text][et_pb_image src=&#8221;https:\/\/www.institut-nr.si\/en\/wp-content\/uploads\/2024\/11\/Thinking-Togetherness-naslovnica.jpg&#8221; align=&#8221;right&#8221; align_tablet=&#8221;center&#8221; align_phone=&#8221;center&#8221; align_last_edited=&#8221;on|phone&#8221; _builder_version=&#8221;4.27.5&#8243; _module_preset=&#8221;default&#8221; width=&#8221;40%&#8221; max_width=&#8221;40%&#8221; hover_enabled=&#8221;0&#8243; global_colors_info=&#8221;{}&#8221; sticky_enabled=&#8221;0&#8243;][\/et_pb_image][et_pb_button button_url=&#8221;https:\/\/www.institut-nr.si\/en\/thinking-togethernessphenomenology-and-sociality\/&#8221; button_text=&#8221;MORE&#8221; button_alignment=&#8221;left&#8221; button_alignment_tablet=&#8221;center&#8221; button_alignment_phone=&#8221;center&#8221; button_alignment_last_edited=&#8221;on|phone&#8221; _builder_version=&#8221;4.27.5&#8243; _module_preset=&#8221;default&#8221; custom_button=&#8221;on&#8221; button_text_size=&#8221;14px&#8221; button_text_color=&#8221;#666666&#8243; button_border_width=&#8221;2px&#8221; button_border_color=&#8221;#666666&#8243; button_font=&#8221;||||||||&#8221; button_icon=&#8221;&#x39;||divi||400&#8243; button_on_hover=&#8221;off&#8221; custom_margin=&#8221;||||false|false&#8221; custom_padding=&#8221;||3px|18px|false|false&#8221; hover_enabled=&#8221;0&#8243; button_text_size_tablet=&#8221;13px&#8221; button_text_size_phone=&#8221;12px&#8221; button_text_size_last_edited=&#8221;on|phone&#8221; global_colors_info=&#8221;{}&#8221; button_text_color__hover=&#8221;#f66958&#8243; button_text_color__hover_enabled=&#8221;on&#8221; button_border_color__hover=&#8221;#f66958&#8243; button_border_color__hover_enabled=&#8221;on&#8221; sticky_enabled=&#8221;0&#8243;][\/et_pb_button][\/et_pb_column][et_pb_column type=&#8221;3_5&#8243; _builder_version=&#8221;4.16&#8243; custom_padding=&#8221;|||&#8221; global_colors_info=&#8221;{}&#8221; custom_padding__hover=&#8221;|||&#8221;][\/et_pb_column][\/et_pb_row][\/et_pb_section]<\/p>\n","protected":false},"excerpt":{"rendered":"<p>E-BOOKSAndrej Bo\u017ei\u010d (ur.) THINKING TOGETHERNESS Phenomenology and Sociality 2023Andrej Bo\u017ei\u010d (ur.) THINKING TOGETHERNESS Phenomenology and Sociality 2023<\/p>\n","protected":false},"author":1,"featured_media":0,"parent":2485,"menu_order":0,"comment_status":"closed","ping_status":"closed","template":"","meta":{"_acf_changed":false,"_et_pb_use_builder":"on","_et_pb_old_content":"","_et_gb_content_width":"","footnotes":""},"class_list":["post-2609","page","type-page","status-publish","hentry"],"acf":[],"_links":{"self":[{"href":"https:\/\/www.institut-nr.si\/en\/wp-json\/wp\/v2\/pages\/2609","targetHints":{"allow":["GET"]}}],"collection":[{"href":"https:\/\/www.institut-nr.si\/en\/wp-json\/wp\/v2\/pages"}],"about":[{"href":"https:\/\/www.institut-nr.si\/en\/wp-json\/wp\/v2\/types\/page"}],"author":[{"embeddable":true,"href":"https:\/\/www.institut-nr.si\/en\/wp-json\/wp\/v2\/users\/1"}],"replies":[{"embeddable":true,"href":"https:\/\/www.institut-nr.si\/en\/wp-json\/wp\/v2\/comments?post=2609"}],"version-history":[{"count":5,"href":"https:\/\/www.institut-nr.si\/en\/wp-json\/wp\/v2\/pages\/2609\/revisions"}],"predecessor-version":[{"id":2727,"href":"https:\/\/www.institut-nr.si\/en\/wp-json\/wp\/v2\/pages\/2609\/revisions\/2727"}],"up":[{"embeddable":true,"href":"https:\/\/www.institut-nr.si\/en\/wp-json\/wp\/v2\/pages\/2485"}],"wp:attachment":[{"href":"https:\/\/www.institut-nr.si\/en\/wp-json\/wp\/v2\/media?parent=2609"}],"curies":[{"name":"wp","href":"https:\/\/api.w.org\/{rel}","templated":true}]}}