{"id":1934,"date":"2018-08-25T13:14:26","date_gmt":"2018-08-25T13:14:26","guid":{"rendered":"http:\/\/www.institut-nr.si\/en\/?page_id=1934"},"modified":"2024-11-24T12:29:34","modified_gmt":"2024-11-24T11:29:34","slug":"institutions","status":"publish","type":"page","link":"https:\/\/www.institut-nr.si\/en\/cooperation\/institutions\/","title":{"rendered":"Institutions"},"content":{"rendered":"<p>[et_pb_section fb_built=&#8221;1&#8243; _builder_version=&#8221;4.22.2&#8243; _module_preset=&#8221;default&#8221; background_color=&#8221;#3A9A99&#8243; custom_padding=&#8221;30px||30px||true|false&#8221; locked=&#8221;off&#8221; global_colors_info=&#8221;{}&#8221; theme_builder_area=&#8221;post_content&#8221;][et_pb_row _builder_version=&#8221;4.16&#8243; _module_preset=&#8221;default&#8221; custom_padding=&#8221;0px||0px||true|false&#8221; global_colors_info=&#8221;{}&#8221; theme_builder_area=&#8221;post_content&#8221;][et_pb_column type=&#8221;4_4&#8243; _builder_version=&#8221;4.16&#8243; _module_preset=&#8221;default&#8221; global_colors_info=&#8221;{}&#8221; theme_builder_area=&#8221;post_content&#8221;][et_pb_text _builder_version=&#8221;4.27.2&#8243; _module_preset=&#8221;default&#8221; header_font=&#8221;Roboto|300||on|||||&#8221; header_text_align=&#8221;center&#8221; header_text_color=&#8221;#FFFFFF&#8221; hover_enabled=&#8221;0&#8243; global_colors_info=&#8221;{}&#8221; theme_builder_area=&#8221;post_content&#8221; sticky_enabled=&#8221;0&#8243;]<\/p>\n<h1>INSTITUTIONS<\/h1>\n<p>[\/et_pb_text][\/et_pb_column][\/et_pb_row][\/et_pb_section][et_pb_section fb_built=&#8221;1&#8243; _builder_version=&#8221;4.27.2&#8243; background_color=&#8221;#F7F7F7&#8243; top_divider_color=&#8221;#ffffff&#8221; top_divider_height=&#8221;150px&#8221; hover_enabled=&#8221;0&#8243; global_colors_info=&#8221;{}&#8221; sticky_enabled=&#8221;0&#8243;][et_pb_row _builder_version=&#8221;4.16&#8243; background_size=&#8221;initial&#8221; background_position=&#8221;top_left&#8221; background_repeat=&#8221;repeat&#8221; global_colors_info=&#8221;{}&#8221;][et_pb_column type=&#8221;4_4&#8243; _builder_version=&#8221;4.16&#8243; custom_padding=&#8221;|||&#8221; global_colors_info=&#8221;{}&#8221; custom_padding__hover=&#8221;|||&#8221;][et_pb_text _builder_version=&#8221;4.16&#8243; text_font=&#8221;|300|||||||&#8221; text_text_color=&#8221;#666666&#8243; text_font_size=&#8221;14px&#8221; header_font=&#8221;|300|||||||&#8221; header_text_color=&#8221;#666666&#8243; header_font_size=&#8221;40px&#8221; header_line_height=&#8221;1.5em&#8221; header_2_text_color=&#8221;#f66958&#8243; header_2_font_size=&#8221;18px&#8221; header_2_line_height=&#8221;1.5em&#8221; header_3_text_color=&#8221;#f66958&#8243; header_3_font_size=&#8221;16px&#8221; header_3_line_height=&#8221;1.5em&#8221; header_4_text_color=&#8221;#f66958&#8243; header_4_font_size=&#8221;14px&#8221; header_4_line_height=&#8221;1.5em&#8221; background_color_gradient_direction=&#8221;360deg&#8221; global_colors_info=&#8221;{}&#8221;]<\/p>\n<h2><strong>Research collaboration with organizations in the field of the humanities in Slovenia and within the international environment<\/strong><\/h2>\n<p><strong>The INR has already established collaboration with research institutions:<\/strong><\/p>\n<p><strong><\/strong><\/p>\n<p><strong>IN SLOVENIA:<\/strong><\/p>\n<p>&#8211; University of Ljubljana<\/p>\n<p>&#8211; University of Maribor<\/p>\n<p>&#8211; University of Primorska<\/p>\n<p>&#8211; University of Nova Gorica<\/p>\n<p>&#8211; Academy of Fine Arts and Design, University of Ljubljana<\/p>\n<p>&#8211; Faculty of Theology, University of Ljubljana<\/p>\n<p>&#8211; Science and Research Centre Koper<\/p>\n<p>&#8211; Faculty of Humanities, University of Primorska<\/p>\n<p>&#8211; Institute of Contemporary History<\/p>\n<p>&#8211; Faculty of Education, University of Maribor<\/p>\n<p>&#8211; National Gallery, Ljubljana<\/p>\n<p>&#8211; Slovenian Academy of Sciences and Arts<\/p>\n<p>&#8211; Research Centre of the Slovenian Academy of Sciences and Arts<\/p>\n<p>&#8211; Institutum Studiorum Humanitatis, Ljubljana<\/p>\n<p>&#8211; Publishing house Studia Humanitatis<\/p>\n<p>&#8211; Publishing house Slovenska matica<\/p>\n<p><strong><\/strong><\/p>\n<p><strong>IN THE INTERNATIONAL ENVIRONMENT:<\/strong><\/p>\n<p>&#8211; Florida Atlantic University, Boca Raton, Florida, USA<\/p>\n<p>&#8211; The University of Chicago, Chicago, Illinois, USA<\/p>\n<p>&#8211; University of London, London, United Kingdom<\/p>\n<p>&#8211; University of Wuppertal, Wuppertal, Germany<\/p>\n<p>&#8211; The Ruhr-University Bocuhm, Bochum, Germany<\/p>\n<p>&#8211; University of Freiburg, Freiburg, Germany<\/p>\n<p>&#8211; Art University Kassel, Kassel, Germany<\/p>\n<p>&#8211; University of Vienna, Vienna, Austria<\/p>\n<p>&#8211; University of Innsbruck, Innsbruck, Austria<\/p>\n<p>&#8211; University of Paris, Paris, France<\/p>\n<p>&#8211; Aix-Marseille University, France<\/p>\n<p>&#8211; Ca&#8217; Foscari University of Venice, Venice, Italy<\/p>\n<p>&#8211; University of Udine, Udine, Italy<\/p>\n<p>&#8211; University of Milan, Milan, Italy<\/p>\n<p>&#8211; The Sapienza University of Rome, Rome, Italy<\/p>\n<p>&#8211; University of Trieste, Trieste, Italy<\/p>\n<p>&#8211; The National University of Distance Education, Madrid, Spain<\/p>\n<p>&#8211; The Autonomous University of Barcelona, Barcelona, Spain<\/p>\n<p>&#8211; University of Lisbon, Lisbon, Portugal<\/p>\n<p>&#8211; Research Centre for Communication and Culture, The Catholic University of Portugal, Lisbon, Portugal<\/p>\n<p>&#8211; The National and Kapodistrian University of Athens, Athens, Greece<\/p>\n<p>&#8211; The Eastern Mediterranean University, Famagusta, North Cyprus<\/p>\n<p>&#8211; Institute of Language and Communication Studies, Izmir, Turkey<\/p>\n<p>&#8211; The Babe\u0219-Bolyai University, Cluj-Napoca, Romania<\/p>\n<p>&#8211; Charles University in Prague, Prague, Czech Republic<\/p>\n<p>&#8211; Institute of Philosophy and Sociology, Polish Academy of Sciences, Warsaw, Poland<\/p>\n<p>&#8211; The National Research University Higher School of Economics, Moscow, Russia<\/p>\n<p>&#8211; The Russian State University for the Humanities, Moscow, Russia<\/p>\n<p>&#8211; Taras Shevchenko National University of Kyiv, Kiev, Ukraine<\/p>\n<p>&#8211; University of Sofia \u201cSt. Kliment Ohridski\u201d, Sofia, Bulgaria<\/p>\n<p>&#8211; Vilnius University, Vilnius, Lithuania<\/p>\n<p>&#8211; Guangzhou University, Guangzhou, China<\/p>\n<p>&#8211; National Taipei University, Taipei, Taiwan<\/p>\n<p>&#8211; Kyoto University, Kyoto, Japan<\/p>\n<p>&#8211; Palack\u00fd University Olomouc, Olomouc, Czech Republic<\/p>\n<p>&#8211; Eugen-Fink-Archiv, Freiburg, Germany<\/p>\n<p>&#8211; Analecta Hermeneutica<\/p>\n<p>&#8211; Gesellschaft zur F\u00f6rderung der Kultur im erweiterten Europa, Berlin, Germany<\/p>\n<p>&#8211; The Organization of Phenomenological Organizations<\/p>\n<p>&#8211; Orbis Phaenomenologicus<\/p>\n<p>&#8211; Centre de recherches ph\u00e9nom\u00e9nologiques et herm\u00e9neutiques, Archives Husserl, Paris, France<\/p>\n<p>&#8211; The Jan Pato\u010dka Archive, Prague, Czech Republic<\/p>\n<p>&#8211; The Nordic Society for Phenomenology<\/p>\n<p>&#8211; Deutsche Gesellschaft f\u00fcr ph\u00e4nomenologische Forschung<\/p>\n<p>&#8211; World Phenomenology Institute, Hanover, NH, USA<\/p>\n<p>&#8211; Institut f\u00fcr Axiologische Forschungen, Kaltenleutgeben, Austria<\/p>\n<p>[\/et_pb_text][\/et_pb_column][\/et_pb_row][\/et_pb_section]<\/p>\n","protected":false},"excerpt":{"rendered":"<p>INSTITUTIONSResearch collaboration with organizations in the field of the humanities in Slovenia and within the international environment The INR has already established collaboration with research institutions: IN SLOVENIA: &#8211; University of Ljubljana &#8211; University of Maribor &#8211; University of Primorska &#8211; University of Nova Gorica &#8211; Academy of Fine Arts and Design, University of Ljubljana [&hellip;]<\/p>\n","protected":false},"author":1,"featured_media":0,"parent":2493,"menu_order":2,"comment_status":"closed","ping_status":"closed","template":"","meta":{"_acf_changed":false,"_et_pb_use_builder":"on","_et_pb_old_content":"","_et_gb_content_width":"","footnotes":""},"class_list":["post-1934","page","type-page","status-publish","hentry"],"acf":[],"_links":{"self":[{"href":"https:\/\/www.institut-nr.si\/en\/wp-json\/wp\/v2\/pages\/1934","targetHints":{"allow":["GET"]}}],"collection":[{"href":"https:\/\/www.institut-nr.si\/en\/wp-json\/wp\/v2\/pages"}],"about":[{"href":"https:\/\/www.institut-nr.si\/en\/wp-json\/wp\/v2\/types\/page"}],"author":[{"embeddable":true,"href":"https:\/\/www.institut-nr.si\/en\/wp-json\/wp\/v2\/users\/1"}],"replies":[{"embeddable":true,"href":"https:\/\/www.institut-nr.si\/en\/wp-json\/wp\/v2\/comments?post=1934"}],"version-history":[{"count":11,"href":"https:\/\/www.institut-nr.si\/en\/wp-json\/wp\/v2\/pages\/1934\/revisions"}],"predecessor-version":[{"id":2574,"href":"https:\/\/www.institut-nr.si\/en\/wp-json\/wp\/v2\/pages\/1934\/revisions\/2574"}],"up":[{"embeddable":true,"href":"https:\/\/www.institut-nr.si\/en\/wp-json\/wp\/v2\/pages\/2493"}],"wp:attachment":[{"href":"https:\/\/www.institut-nr.si\/en\/wp-json\/wp\/v2\/media?parent=1934"}],"curies":[{"name":"wp","href":"https:\/\/api.w.org\/{rel}","templated":true}]}}