{"id":1931,"date":"2018-08-25T13:13:45","date_gmt":"2018-08-25T13:13:45","guid":{"rendered":"http:\/\/www.institut-nr.si\/en\/?page_id=1931"},"modified":"2024-11-24T12:28:12","modified_gmt":"2024-11-24T11:28:12","slug":"individuals","status":"publish","type":"page","link":"https:\/\/www.institut-nr.si\/en\/cooperation\/individuals\/","title":{"rendered":"Individuals"},"content":{"rendered":"<p>[et_pb_section fb_built=&#8221;1&#8243; _builder_version=&#8221;4.22.2&#8243; _module_preset=&#8221;default&#8221; background_color=&#8221;#3A9A99&#8243; custom_padding=&#8221;30px||30px||true|false&#8221; locked=&#8221;off&#8221; global_colors_info=&#8221;{}&#8221;][et_pb_row _builder_version=&#8221;4.16&#8243; _module_preset=&#8221;default&#8221; custom_padding=&#8221;0px||0px||true|false&#8221; global_colors_info=&#8221;{}&#8221;][et_pb_column type=&#8221;4_4&#8243; _builder_version=&#8221;4.16&#8243; _module_preset=&#8221;default&#8221; global_colors_info=&#8221;{}&#8221;][et_pb_text _builder_version=&#8221;4.27.2&#8243; _module_preset=&#8221;default&#8221; header_font=&#8221;Roboto|300||on|||||&#8221; header_text_align=&#8221;center&#8221; header_text_color=&#8221;#FFFFFF&#8221; hover_enabled=&#8221;0&#8243; global_colors_info=&#8221;{}&#8221; sticky_enabled=&#8221;0&#8243;]<\/p>\n<h1>INDIVIDUALS<\/h1>\n<p>[\/et_pb_text][\/et_pb_column][\/et_pb_row][\/et_pb_section][et_pb_section fb_built=&#8221;1&#8243; _builder_version=&#8221;4.27.2&#8243; background_color=&#8221;#F7F7F7&#8243; top_divider_color=&#8221;#ffffff&#8221; top_divider_height=&#8221;150px&#8221; global_colors_info=&#8221;{}&#8221;][et_pb_row _builder_version=&#8221;4.16&#8243; background_size=&#8221;initial&#8221; background_position=&#8221;top_left&#8221; background_repeat=&#8221;repeat&#8221; global_colors_info=&#8221;{}&#8221;][et_pb_column type=&#8221;4_4&#8243; _builder_version=&#8221;4.16&#8243; custom_padding=&#8221;|||&#8221; global_colors_info=&#8221;{}&#8221; custom_padding__hover=&#8221;|||&#8221;][et_pb_text _builder_version=&#8221;4.16&#8243; text_font=&#8221;|300|||||||&#8221; text_text_color=&#8221;#666666&#8243; text_font_size=&#8221;14px&#8221; header_font=&#8221;|300|||||||&#8221; header_text_color=&#8221;#666666&#8243; header_font_size=&#8221;40px&#8221; header_line_height=&#8221;1.5em&#8221; header_2_text_color=&#8221;#f66958&#8243; header_2_font_size=&#8221;18px&#8221; header_2_line_height=&#8221;1.5em&#8221; header_3_text_color=&#8221;#f66958&#8243; header_3_font_size=&#8221;16px&#8221; header_3_line_height=&#8221;1.5em&#8221; header_4_text_color=&#8221;#f66958&#8243; header_4_font_size=&#8221;14px&#8221; header_4_line_height=&#8221;1.5em&#8221; background_color_gradient_direction=&#8221;360deg&#8221; global_colors_info=&#8221;{}&#8221;]<\/p>\n<p>Since establishment, the <strong>Institute Nova Revija for the Humanities (INR)<\/strong> regularly organizes interdisciplinary thematic discussions, meetings, symposia, and national as well as international conferences. The thematic scope of events includes the topics of: <em>freedom, justice, humanity, authority, the humanities, interdisciplinary character of science, historiography, censorship, Slovenian language, literature, art, architecture, intercultural dialogue, social consensus, democracy, Europe, value chains, economy, competitiveness, crisis, migrants<\/em>, etc. In the events of the institute numerous participants from Slovenia and abroad have taken part.<\/p>\n<p>The international <strong>Forum for the Humanities (FORhUM)<\/strong> (<a href=\"http:\/\/www.for-hum.com\">http:\/\/www.for-hum.com<\/a>) offers a platform for the activities of the <em>INR<\/em> in the international research community through the organization of conferences, publications, scientific and project collaborations.<\/p>\n<p>The papers presented at the events of the <em>INR<\/em> have been published in the journals <strong>Phainomena<\/strong> (<a href=\"http:\/\/www.phainomena.com\">http:\/\/www.phainomena.com<\/a>) and <strong>Nova revija<\/strong>, as well as in several collective volumes.<\/p>\n<p>The publications of the <em>INR<\/em> can be viewed and are available for purchase at the <strong>eBEREM <\/strong>website (<a href=\"http:\/\/www.eberem.si\">http:\/\/www.eberem.si<\/a>).<\/p>\n<p>Numerous experts and scientists from Slovenian as well as international academic institutions in the field of the humanities and also interested representatives of the neighboring realms of human activity have already participated in the events and the publications of the <strong>Institute Nova Revija for the Humanities<\/strong>.<\/p>\n<p>&nbsp;<\/p>\n<p><em>A<\/em><\/p>\n<p>Frane Adam | Bakhtyar Aljaf | Pedro M. S. Alves | Emil Angehrn | Milan Antonijevi\u0107 | Dejan Aubrecht | Matej Avbelj<\/p>\n<p>&nbsp;<\/p>\n<p><em>B<\/em><\/p>\n<p>Babette Babich | Gorazd Bajc | Damir Barbari\u0107 | Sandra Ba\u0161i\u0107 Hrvatin | Harris B. Bechtol | Zijad Be\u010dirovi\u0107 | Azelarabe Lahkim Bennani | Emerik Bernard | Maja Besjanac | Cvetka Bevc | Tina Bilban | Marko Bitenc | Darko Boban | Rado Bohinc | Darko Bohnec | Petar Bojani\u0107 | Sanja Bojani\u0107 | Elmar Bordfeld | Bojan Borstner | Andrej Bo\u017ei\u010d | Zoran Bo\u017ei\u010d | Joaquim Braga | Remi Brague | Miha Brejc | Simon Brezovar | Mindaugas Briedis | Emil Brix | Jan Brousek | Bernard Br\u0161\u010di\u010d | Andrej Brvar | Davorka Budimir | An\u017ee Burger | Erhard Busek | Hrvoje Butkovi\u0107<\/p>\n<p>&nbsp;<\/p>\n<p><em>C<\/em><\/p>\n<p>Virgilio Cesarone | Gertrude Cepl-Kaufmann | Lien-Gene Chen | Jau hwa Chen | Chan Fai Cheung | Chou Chih-Chieh | Ion Copoeru | Janez Cvirn<\/p>\n<p>&nbsp;<\/p>\n<p><em>\u010c<\/em><\/p>\n<p>Matja\u017e \u010cade\u017e | Lucija \u010cok<\/p>\n<p>&nbsp;<\/p>\n<p><em>D<\/em><\/p>\n<p>Gy\u00f6rgy Dalos | Darko Darovec | Fran\u00e7oise Dastur | Massimo De Carolis | Alfred Denker | Paulo De Jesus | Ema Dem\u0161ar | Mihael De\u0161man | Vida De\u017eelak Bari\u010d | Jo\u017ee De\u017eman | M\u0103d\u0103lina Diaconu | Donatella Di Cesare | Alenka Divjak | Ervin Dolenc | Sa\u0161o Dolenc | Csilla D\u00f6m\u0151k | Marijan Dovi\u0107 | Marjan Drnov\u0161ek | Roland Duhamel | Jo\u017ee Duhovnik | Katarzyna Dworakowska | Ned\u017ema D\u017eananovi\u0107 Mirascija | Denis D\u017eani\u0107<\/p>\n<p>&nbsp;<\/p>\n<p><em>E<\/em><\/p>\n<p>Rolf Elberfeld | Lester Embree | Ale\u0161 Erjavec | Karmen Erjavec | Manca Erzeti\u010d | Jes\u00fas Adri\u00e1n Escudero | Roberto Esposito<\/p>\n<p>&nbsp;<\/p>\n<p><em>F<\/em><\/p>\n<p>Adriano Fabris | Micha\u0142 Federowicz | Maurizio Ferraris | Andrej Fink | Linda Fischer<\/p>\n<p>&nbsp;<\/p>\n<p><em>G<\/em><\/p>\n<p>Ale\u0161 Gabri\u010d | Hans-Georg Gadamer | Rasmus Gahrn-Andersen | Peter Gaitsch | Umberto Galimberti | Carmelo Galioto | Carlo Galli | Jaros\u0142aw Gara | Julia Garstenauer | Jure Ga\u0161pari\u010d | Karl-Markus Gauss | Ma\u0161a Gedrich | Bronislaw Geremek | Dimitri Ginev | Peter Glavi\u010d | Vladimir Gligorov | Athanassia Glycofrydi-Leontsini | Andrzej Gniazdowski | Bojan Gode\u0161a | Paul Good | Niko Grafenauer | Stane Granda | Igor Grdina | Tamara Griesser Pe\u010dar | Miroslav Gri\u0161ko | Andrej Gro\u0161elj | Johannes Grotzky | Diane Gruber | Toma\u017e Gru\u0161ovnik | Milosav Gudovi\u0107 | Stephan G\u00fcnzel<\/p>\n<p>&nbsp;<\/p>\n<p><em>H<\/em><\/p>\n<p>Malachi Haim Hacohen | Peter Hanenberg | Dragica Haramija | Gy\u00f6rgy Heidl | Klaus Held | Harald Heppner | Martin Hergouth | Andrej Ho\u010devar | Ma\u0142gorzata Ho\u0142da | Xia Hong | Barbara Horvat | Jo\u017ee Horvat | Andrej Hrausky | Tine Hribar | Yu Ching-Hsin | Teh-Fu Huang | Martin Huth<\/p>\n<p>&nbsp;<\/p>\n<p><em>I<\/em><\/p>\n<p>Tomi Ilija\u0161 | Ilya Inishev | Salvatore Italia | Martina Ivanko | Toma\u017e Ive\u0161i\u0107<\/p>\n<p>&nbsp;<\/p>\n<p><em>J<\/em><\/p>\n<p>Barbara Jaki | Peter Jambrek | Anton Jamnik | Tilka Jamnik | Drago Jan\u010dar | Marko Jesen\u0161ek | Petar Jevremovi\u0107 | Janez Juhant | Marko Juvan<\/p>\n<p>&nbsp;<\/p>\n<p><em>K<\/em><\/p>\n<p>Tomas Ka\u010derauskas | Benjamin Kaiser | Peter Kaiser | Valentin Kalan | Ioannis Kalogerakos | Jernej Kalu\u017ea | Vakhtang Kebuladze | Adel Theodor Khoury | Borut Klabjan | Branko Klun | Klemen Klun | Harald Wolter von-dem Knesbeck | Andreja Kocijan\u010di\u010d | Eva Kodri\u010d Da\u010di\u0107 | Dean Komel | Jo\u017ee Konda | Mario Kopi\u0107 | \u017darko Kora\u010d | Janko Kos | Miha Kosovel | Ale\u0161 Ko\u0161ar | Petr Kouba | Edvard Kova\u010d | Igor Kova\u010d | Kri\u0161tof Jacek Kozak | Alenka Ko\u017eelj | Janez Ko\u017eelj | Matej Krajnc | Primus-Heinz Kucher | Ioanna Ku\u00e7uradi | Mateja Kurir | Meta Ku\u0161ar | Tze-Wan Kwan<\/p>\n<p>&nbsp;<\/p>\n<p><em>L<\/em><\/p>\n<p>Giovanni Leghissa | Harry Lehmann | Eleni Leontsini | Vojteh Leskov\u0161ek | Jernej Letnar \u010cerni\u010d | Ka-Wing Leung | Siam Liaw | Janko M. Lozar | Nejc Lo\u017ear | Johann Georg Lughofer | Izar Luna\u010dek | Oto Luthar<\/p>\n<p>&nbsp;<\/p>\n<p><em>M<\/em><\/p>\n<p>Paul S. MacDonald | Peter Ma\u010dek | Ur\u0161ka Makovec | Jeff Malpas | Michael Marder | Andrei Marga | Marko Marin\u010di\u010d | Marko Marki\u0107 | Andrej Markovi\u0107 | Bence Peter Marosan | John J. Martin | Arturo Martone | Vanesa Matajc | Ale\u0161 Maver | Johannes Meinhardt | James Mensch | Aleksander Mervar | Adam Michnik | Damjan Mihevc | Igor Mikecin | Vesna Mikoli\u010d | Mira Miladinovi\u0107 Zalaznik | An\u0111elko Milardovi\u0107 | Maja Mil\u010dinski | Uro\u0161 Mili\u0107 | Ferenc Miszlivetz | Boris Mlakar | Anton Mlinar | Gregor Moder | Victor Molchanov | Hedvig Morvai | Andrej Mo\u017eina | Jo\u017ee Muhovi\u010d | Maja Murnik<\/p>\n<p><em>N<\/em><\/p>\n<p>Bo\u0161tjan Narat | Thomas Nenon | Veronica Neri | Bernard Ne\u017emah | Liangkang Ni | Cathrin Nielsen | Martin Nitsche | Rok Novak | Karel Novotn\u00fd<\/p>\n<p>&nbsp;<\/p>\n<p><em>O<\/em><\/p>\n<p>\u00c9amonn \u00d3 Ciardha | Tadashi Ogawa | Felix O. Olatunji | Kentaro Otagiri<\/p>\n<p>&nbsp;<\/p>\n<p><em>P<\/em><\/p>\n<p>Neda Pagon | \u017darko Pai\u0107 | Chen-Hao Pao | \u017deljko Pavi\u0107 | Mirko Pejanovi\u0107 | Stane Pejovnik | Egon Pelikan | Katarina Peovi\u0107 Vukovi\u0107 | Christophe Perrin | Bo\u0161ko Pe\u0161i\u0107 | Robert Petkov\u0161ek | Ernest Petri\u010d | Telmo Pievani | Miha Pintari\u010d | Ga\u0161per Pirc | Darka Podmenik | Barbara Poga\u010dnik | Melita Poler Kova\u010di\u010d | Fabio Polidori | Denis Poni\u017e | Alja\u017e Poto\u010dnik | Matija Poto\u010dnik | Laura Potrovi\u0107 | Marcello Potocco | Claudio Povolo | Igor Po\u017ear | Damjan Prelov\u0161ek | Roumiana Preshlenova | Jan Princl | Dragan Prole | Timotej Prosen | Alenka Puhar | Kre\u0161imir Purgar<\/p>\n<p>&nbsp;<\/p>\n<p><em>Q<\/em><\/p>\n<p>&nbsp;<\/p>\n<p><em>R<\/em><\/p>\n<p>Ramsey Eric Ramsey | Mateja Ratej | Yvanka Raynova | Dali Regent | Nika Regent | Adolf Reinach | Jo\u017eica Repec | Primo\u017e Repar | Stanka Repar | Mateja Re\u017eek | Rudi Rizman | Pier Aldo Rovatti | Janko Ro\u017ei\u010d | Mario Ruggenini | Marco Russo<\/p>\n<p>&nbsp;<\/p>\n<p><em>S<\/em><\/p>\n<p>Elmir Sadikovi\u0107 | Alessandro Salice | Vi\u0161nja Samard\u017eija | Denis J. Schmidt | Ingeborg Sch\u00fcssler | Jurij Selan | Branko Senega\u010dnik | Hans Rainer Sepp | Emanuele Severino | Tatiana Shchyttsova | Yuri Sidorovich | Vladimir Simi\u010d | Robert Simoni\u010d | Robert Simoni\u0161ek | Iztok Simoniti | Carlo Sini | Anja Skapin | Jan\u017e Snoj | Daniel R. Sobota | Jenn-Jaw Soong | Paulina Sosnowska | Peter Stankovi\u010d | Janez Stare | Goran Star\u010devi\u0107 | Mitja Steinbacher | Vidosav Stevanovi\u0107 | Sa\u0161o Stojanovi\u0107 Len\u010di\u010d | Silvia Stoller | Janez Strehovec | Toma Strle | Andrej Studen | Tzu-Chiao Su | Simona Su\u0161ec | Zolt\u00e1n Szendi | Ivo Svetina | Rok Svetli\u010d | Petra Svolj\u0161ak<\/p>\n<p>&nbsp;<\/p>\n<p><em>\u0160<\/em><\/p>\n<p>Petar \u0160egedin | Alen \u0160irca | Igor \u0160kamperle | Lenart \u0160kof | Jaka \u0160oba | Marko \u0160orli | Peter \u0160tih | Stjepan \u0160tivi\u0107 | Ivan \u0160tuhec | Marko \u0160tuhec | Peter \u0160tuhec | Lovro \u0160turm | Rozina \u0160vent<\/p>\n<p>&nbsp;<\/p>\n<p><em>T<\/em><\/p>\n<p>Alex Tan | Toru Tani | Istv\u00e1n Tarr\u00f3sy | Rainer Thurnher | Oreste Tolone | Gregor Tomc | Kristina Tomc | Matev\u017e Tom\u0161i\u010d | Andrina Tonkli Komel | Polona Tratnik | Peter Trawny | Trong Hieu Truong | Bo\u0161tjan M. Turk | Primo\u017e Turk<\/p>\n<p>&nbsp;<\/p>\n<p><em>U<\/em><\/p>\n<p>\u013dubica U\u010dn\u00edk | Philip Ogo Ujomu | Mihai-R\u0103zvan Ungureanu | Tadej Urbanija<\/p>\n<p>&nbsp;<\/p>\n<p><em>V<\/em><\/p>\n<p>Teo Vadnjal | Gabriella Valera | Gianni Vattimo | Zoran Vaupot | Stanislav Veniger | Toma\u017e Verdev | Marta Verginella | Jurij Ver\u010d | Gregor Virant | Tomo Virk | Jo\u017ee Vi\u017eintin | Ugo Vlaisavljevi\u0107 | Bla\u017e Vodopivec | Peter Vodopivec | Jerca Vodu\u0161ek Stari\u010d | Ugo Volli | Sebastjan V\u00f6r\u00f6\u0161 | Urban Vovk<\/p>\n<p>&nbsp;<\/p>\n<p><em>W<\/em><\/p>\n<p>Jo\u017ee Wakounig | Bernhard Waldenfels | Wen-Sheng Wang | Andrzej Wierci\u0144ski | Anna Wi\u0142komirska | Werner Wintersteiner | Mirko Wischke<\/p>\n<p>&nbsp;<\/p>\n<p><em>X<\/em><\/p>\n<p>&nbsp;<\/p>\n<p><em>Y<\/em><\/p>\n<p>Chung Chi Yu | Xin Yu<\/p>\n<p>&nbsp;<\/p>\n<p><em>Z<\/em><\/p>\n<p>Holger Zaborowski | Lucia Zaietta | Toma\u017e Zalaznik | Rudi Zaman | Rok Zavrtanik | Urszula Zbrze\u017aniak | Wei Zhang | Anna Zieli\u0144ska | \u0160pela Ziherl | Jan Zobec | Franci Zore | Jure Zupan | Alojzija Zupan Sosi\u010d<\/p>\n<p>&nbsp;<\/p>\n<p><em>\u017d<\/em><\/p>\n<p>Bo\u0161tjan \u017dek\u0161 | Andreja \u017dele<\/p>\n<p>[\/et_pb_text][\/et_pb_column][\/et_pb_row][\/et_pb_section]<\/p>\n","protected":false},"excerpt":{"rendered":"<p>INDIVIDUALSSince establishment, the Institute Nova Revija for the Humanities (INR) regularly organizes interdisciplinary thematic discussions, meetings, symposia, and national as well as international conferences. The thematic scope of events includes the topics of: freedom, justice, humanity, authority, the humanities, interdisciplinary character of science, historiography, censorship, Slovenian language, literature, art, architecture, intercultural dialogue, social consensus, democracy, [&hellip;]<\/p>\n","protected":false},"author":1,"featured_media":0,"parent":2493,"menu_order":1,"comment_status":"closed","ping_status":"closed","template":"","meta":{"_acf_changed":false,"_et_pb_use_builder":"on","_et_pb_old_content":"","_et_gb_content_width":"","footnotes":""},"class_list":["post-1931","page","type-page","status-publish","hentry"],"acf":[],"_links":{"self":[{"href":"https:\/\/www.institut-nr.si\/en\/wp-json\/wp\/v2\/pages\/1931","targetHints":{"allow":["GET"]}}],"collection":[{"href":"https:\/\/www.institut-nr.si\/en\/wp-json\/wp\/v2\/pages"}],"about":[{"href":"https:\/\/www.institut-nr.si\/en\/wp-json\/wp\/v2\/types\/page"}],"author":[{"embeddable":true,"href":"https:\/\/www.institut-nr.si\/en\/wp-json\/wp\/v2\/users\/1"}],"replies":[{"embeddable":true,"href":"https:\/\/www.institut-nr.si\/en\/wp-json\/wp\/v2\/comments?post=1931"}],"version-history":[{"count":8,"href":"https:\/\/www.institut-nr.si\/en\/wp-json\/wp\/v2\/pages\/1931\/revisions"}],"predecessor-version":[{"id":2573,"href":"https:\/\/www.institut-nr.si\/en\/wp-json\/wp\/v2\/pages\/1931\/revisions\/2573"}],"up":[{"embeddable":true,"href":"https:\/\/www.institut-nr.si\/en\/wp-json\/wp\/v2\/pages\/2493"}],"wp:attachment":[{"href":"https:\/\/www.institut-nr.si\/en\/wp-json\/wp\/v2\/media?parent=1931"}],"curies":[{"name":"wp","href":"https:\/\/api.w.org\/{rel}","templated":true}]}}