{"id":1921,"date":"2018-08-25T13:11:26","date_gmt":"2018-08-25T13:11:26","guid":{"rendered":"http:\/\/www.institut-nr.si\/en\/?page_id=1921"},"modified":"2025-12-30T11:05:36","modified_gmt":"2025-12-30T10:05:36","slug":"journals","status":"publish","type":"page","link":"https:\/\/www.institut-nr.si\/en\/publications\/journals\/","title":{"rendered":"Journals"},"content":{"rendered":"<p>[et_pb_section fb_built=&#8221;1&#8243; _builder_version=&#8221;4.22.2&#8243; _module_preset=&#8221;default&#8221; background_color=&#8221;#3A9A99&#8243; custom_padding=&#8221;30px||30px||true|false&#8221; locked=&#8221;off&#8221; global_colors_info=&#8221;{}&#8221;][et_pb_row _builder_version=&#8221;4.16&#8243; _module_preset=&#8221;default&#8221; custom_padding=&#8221;0px||0px||true|false&#8221; global_colors_info=&#8221;{}&#8221;][et_pb_column type=&#8221;4_4&#8243; _builder_version=&#8221;4.16&#8243; _module_preset=&#8221;default&#8221; global_colors_info=&#8221;{}&#8221;][et_pb_text _builder_version=&#8221;4.27.2&#8243; _module_preset=&#8221;default&#8221; header_font=&#8221;Roboto|300||on|||||&#8221; header_text_align=&#8221;center&#8221; header_text_color=&#8221;#FFFFFF&#8221; global_colors_info=&#8221;{}&#8221;]<\/p>\n<h1>JOURNALS<\/h1>\n<p>[\/et_pb_text][\/et_pb_column][\/et_pb_row][\/et_pb_section][et_pb_section fb_built=&#8221;1&#8243; _builder_version=&#8221;4.23&#8243; background_color=&#8221;#F7F7F7&#8243; top_divider_color=&#8221;#ffffff&#8221; top_divider_height=&#8221;150px&#8221; global_colors_info=&#8221;{}&#8221;][et_pb_row _builder_version=&#8221;4.16&#8243; background_size=&#8221;initial&#8221; background_position=&#8221;top_left&#8221; background_repeat=&#8221;repeat&#8221; global_colors_info=&#8221;{}&#8221;][et_pb_column type=&#8221;4_4&#8243; _builder_version=&#8221;4.16&#8243; custom_padding=&#8221;|||&#8221; global_colors_info=&#8221;{}&#8221; custom_padding__hover=&#8221;|||&#8221;][et_pb_text _builder_version=&#8221;4.27.2&#8243; text_font=&#8221;|300|||||||&#8221; text_text_color=&#8221;#666666&#8243; text_font_size=&#8221;14px&#8221; header_font=&#8221;|300|||||||&#8221; header_text_color=&#8221;#666666&#8243; header_font_size=&#8221;40px&#8221; header_line_height=&#8221;1.5em&#8221; header_2_text_color=&#8221;#f66958&#8243; header_2_font_size=&#8221;18px&#8221; header_2_line_height=&#8221;1.5em&#8221; header_3_text_color=&#8221;#f66958&#8243; header_3_font_size=&#8221;16px&#8221; header_3_line_height=&#8221;1.5em&#8221; header_4_text_color=&#8221;#f66958&#8243; header_4_font_size=&#8221;14px&#8221; header_4_line_height=&#8221;1.5em&#8221; background_color_gradient_direction=&#8221;360deg&#8221; global_colors_info=&#8221;{}&#8221;]<\/p>\n<h2>PHAINOMENA<br \/>JOURNAL OF PHENOMENOLOGY AND HERMENEUTICS<\/h2>\n<p>Editor-in-Chief: <strong>Andrina Tonkli Komel<\/strong><\/p>\n<p>Editorial Board: <strong>Jan Bednarik, Tine Hribar, Valentin Kalan, Branko Klun, Dean Komel, Ivan Urban\u010di\u010d+, Franci Zore, Andrej Bo\u017ei\u010d<\/strong><\/p>\n<p>Secretary: <strong>Andrej Bo\u017ei\u010d<\/strong><\/p>\n<p>[\/et_pb_text][\/et_pb_column][\/et_pb_row][et_pb_row column_structure=&#8221;1_4,1_4,1_4,1_4&#8243; _builder_version=&#8221;4.16&#8243; background_size=&#8221;initial&#8221; background_position=&#8221;top_left&#8221; background_repeat=&#8221;repeat&#8221; locked=&#8221;off&#8221; global_colors_info=&#8221;{}&#8221;][et_pb_column type=&#8221;1_4&#8243; _builder_version=&#8221;4.16&#8243; custom_padding=&#8221;|||&#8221; global_colors_info=&#8221;{}&#8221; custom_padding__hover=&#8221;|||&#8221;][et_pb_blurb url=&#8221;https:\/\/www.phainomena.com\/wp-content\/uploads\/2025\/12\/E-PHI_34_134-135_2025.pdf&#8221; url_new_window=&#8221;on&#8221; image=&#8221;https:\/\/www.institut-nr.si\/en\/wp-content\/uploads\/2025\/12\/PHI-134-135-Naslovnica.jpg&#8221; _builder_version=&#8221;4.27.5&#8243; header_font=&#8221;Roboto||||||||&#8221; header_text_color=&#8221;#666666&#8243; header_font_size=&#8221;22px&#8221; body_font=&#8221;|300|||||||&#8221; body_text_color=&#8221;#666666&#8243; body_font_size=&#8221;14px&#8221; text_orientation=&#8221;center&#8221; link_option_url=&#8221;https:\/\/www.phainomena.com\/wp-content\/uploads\/2025\/12\/E-PHI_34_134-135_2025.pdf&#8221; link_option_url_new_window=&#8221;on&#8221; hover_enabled=&#8221;0&#8243; z_index_tablet=&#8221;500&#8243; icon_font_size=&#8221;65px&#8221; global_colors_info=&#8221;{}&#8221; sticky_enabled=&#8221;0&#8243;]<\/p>\n<p>Phainomena 34 | 134-135| November 2025<\/p>\n<p>Witold P\u0142otka &amp; Andrej Bo\u017ei\u010d (<em>Eds<\/em>.)<\/p>\n<p><strong>The Thought of Leopold Blaustein in Context. Critical Essays and Materials<\/strong><\/p>\n<p>[\/et_pb_blurb][\/et_pb_column][et_pb_column type=&#8221;1_4&#8243; _builder_version=&#8221;4.16&#8243; custom_padding=&#8221;|||&#8221; global_colors_info=&#8221;{}&#8221; custom_padding__hover=&#8221;|||&#8221;][et_pb_blurb url=&#8221;https:\/\/www.phainomena.com\/wp-content\/uploads\/2025\/08\/E-PHI_34_132-133_2025.pdf&#8221; url_new_window=&#8221;on&#8221; image=&#8221;https:\/\/www.institut-nr.si\/en\/wp-content\/uploads\/2025\/08\/E-PHI_34_132-133_2025.png&#8221; _builder_version=&#8221;4.27.4&#8243; header_font=&#8221;Roboto||||||||&#8221; header_text_color=&#8221;#666666&#8243; header_font_size=&#8221;22px&#8221; body_font=&#8221;|300|||||||&#8221; body_text_color=&#8221;#666666&#8243; body_font_size=&#8221;14px&#8221; text_orientation=&#8221;center&#8221; link_option_url=&#8221;https:\/\/www.phainomena.com\/wp-content\/uploads\/2025\/08\/E-PHI_34_132-133_2025.pdf&#8221; link_option_url_new_window=&#8221;on&#8221; z_index_tablet=&#8221;500&#8243; icon_font_size=&#8221;65px&#8221; global_colors_info=&#8221;{}&#8221;]<\/p>\n<p>Phainomena 34 | 132-133 | June 2025<\/p>\n<p><strong>Transitions | Prehajanja<\/strong><\/p>\n<p>[\/et_pb_blurb][\/et_pb_column][et_pb_column type=&#8221;1_4&#8243; _builder_version=&#8221;4.16&#8243; custom_padding=&#8221;|||&#8221; global_colors_info=&#8221;{}&#8221; custom_padding__hover=&#8221;|||&#8221;][et_pb_blurb url=&#8221;https:\/\/www.phainomena.com\/en\/wp-content\/uploads\/2024\/12\/E-PHI_33_130-131_2024.pdf&#8221; url_new_window=&#8221;on&#8221; image=&#8221;https:\/\/www.institut-nr.si\/en\/wp-content\/uploads\/2024\/12\/E-PHI_33_130-131_2024.png&#8221; _builder_version=&#8221;4.27.2&#8243; header_font=&#8221;Roboto||||||||&#8221; header_text_color=&#8221;#666666&#8243; header_font_size=&#8221;22px&#8221; body_font=&#8221;|300|||||||&#8221; body_text_color=&#8221;#666666&#8243; body_font_size=&#8221;14px&#8221; text_orientation=&#8221;center&#8221; link_option_url=&#8221;https:\/\/www.phainomena.com\/en\/wp-content\/uploads\/2024\/12\/E-PHI_33_130-131_2024.pdf&#8221; link_option_url_new_window=&#8221;on&#8221; z_index_tablet=&#8221;500&#8243; header_text_shadow_horizontal_length_tablet=&#8221;0px&#8221; header_text_shadow_vertical_length_tablet=&#8221;0px&#8221; header_text_shadow_blur_strength_tablet=&#8221;1px&#8221; body_text_shadow_horizontal_length_tablet=&#8221;0px&#8221; body_text_shadow_vertical_length_tablet=&#8221;0px&#8221; body_text_shadow_blur_strength_tablet=&#8221;1px&#8221; body_link_text_shadow_horizontal_length_tablet=&#8221;0px&#8221; body_link_text_shadow_vertical_length_tablet=&#8221;0px&#8221; body_link_text_shadow_blur_strength_tablet=&#8221;1px&#8221; body_ul_text_shadow_horizontal_length_tablet=&#8221;0px&#8221; body_ul_text_shadow_vertical_length_tablet=&#8221;0px&#8221; body_ul_text_shadow_blur_strength_tablet=&#8221;1px&#8221; body_ol_text_shadow_horizontal_length_tablet=&#8221;0px&#8221; body_ol_text_shadow_vertical_length_tablet=&#8221;0px&#8221; body_ol_text_shadow_blur_strength_tablet=&#8221;1px&#8221; body_quote_text_shadow_horizontal_length_tablet=&#8221;0px&#8221; body_quote_text_shadow_vertical_length_tablet=&#8221;0px&#8221; body_quote_text_shadow_blur_strength_tablet=&#8221;1px&#8221; box_shadow_horizontal_tablet=&#8221;0px&#8221; box_shadow_vertical_tablet=&#8221;0px&#8221; box_shadow_blur_tablet=&#8221;40px&#8221; box_shadow_spread_tablet=&#8221;0px&#8221; box_shadow_horizontal_image_tablet=&#8221;0px&#8221; box_shadow_vertical_image_tablet=&#8221;0px&#8221; box_shadow_blur_image_tablet=&#8221;40px&#8221; box_shadow_spread_image_tablet=&#8221;0px&#8221; text_shadow_horizontal_length_tablet=&#8221;0px&#8221; text_shadow_vertical_length_tablet=&#8221;0px&#8221; text_shadow_blur_strength_tablet=&#8221;1px&#8221; icon_font_size=&#8221;65px&#8221; global_colors_info=&#8221;{}&#8221;]<\/p>\n<p>Phainomena 33 | 130-131 | November 2024<\/p>\n<p><strong>Human Existence and Coexistence in the Epoch of Nihilism<\/strong><\/p>\n<p>[\/et_pb_blurb][\/et_pb_column][et_pb_column type=&#8221;1_4&#8243; _builder_version=&#8221;4.16&#8243; custom_padding=&#8221;|||&#8221; global_colors_info=&#8221;{}&#8221; custom_padding__hover=&#8221;|||&#8221;][et_pb_blurb url=&#8221;https:\/\/www.phainomena.com\/wp-content\/uploads\/2024\/08\/E-PHI_33_128-129_2024.pdf&#8221; url_new_window=&#8221;on&#8221; image=&#8221;https:\/\/www.institut-nr.si\/en\/wp-content\/uploads\/2024\/12\/E-PHI_33_128-129_2024_naslovnica.png&#8221; _builder_version=&#8221;4.27.2&#8243; header_font=&#8221;Roboto||||||||&#8221; header_text_color=&#8221;#666666&#8243; header_font_size=&#8221;22px&#8221; body_font=&#8221;|300|||||||&#8221; body_text_color=&#8221;#666666&#8243; body_font_size=&#8221;14px&#8221; text_orientation=&#8221;center&#8221; link_option_url=&#8221;https:\/\/www.phainomena.com\/wp-content\/uploads\/2024\/08\/E-PHI_33_128-129_2024.pdf&#8221; link_option_url_new_window=&#8221;on&#8221; z_index_tablet=&#8221;500&#8243; header_text_shadow_horizontal_length_tablet=&#8221;0px&#8221; header_text_shadow_vertical_length_tablet=&#8221;0px&#8221; header_text_shadow_blur_strength_tablet=&#8221;1px&#8221; body_text_shadow_horizontal_length_tablet=&#8221;0px&#8221; body_text_shadow_vertical_length_tablet=&#8221;0px&#8221; body_text_shadow_blur_strength_tablet=&#8221;1px&#8221; body_link_text_shadow_horizontal_length_tablet=&#8221;0px&#8221; body_link_text_shadow_vertical_length_tablet=&#8221;0px&#8221; body_link_text_shadow_blur_strength_tablet=&#8221;1px&#8221; body_ul_text_shadow_horizontal_length_tablet=&#8221;0px&#8221; body_ul_text_shadow_vertical_length_tablet=&#8221;0px&#8221; body_ul_text_shadow_blur_strength_tablet=&#8221;1px&#8221; body_ol_text_shadow_horizontal_length_tablet=&#8221;0px&#8221; body_ol_text_shadow_vertical_length_tablet=&#8221;0px&#8221; body_ol_text_shadow_blur_strength_tablet=&#8221;1px&#8221; body_quote_text_shadow_horizontal_length_tablet=&#8221;0px&#8221; body_quote_text_shadow_vertical_length_tablet=&#8221;0px&#8221; body_quote_text_shadow_blur_strength_tablet=&#8221;1px&#8221; box_shadow_horizontal_tablet=&#8221;0px&#8221; box_shadow_vertical_tablet=&#8221;0px&#8221; box_shadow_blur_tablet=&#8221;40px&#8221; box_shadow_spread_tablet=&#8221;0px&#8221; box_shadow_horizontal_image_tablet=&#8221;0px&#8221; box_shadow_vertical_image_tablet=&#8221;0px&#8221; box_shadow_blur_image_tablet=&#8221;40px&#8221; box_shadow_spread_image_tablet=&#8221;0px&#8221; text_shadow_horizontal_length_tablet=&#8221;0px&#8221; text_shadow_vertical_length_tablet=&#8221;0px&#8221; text_shadow_blur_strength_tablet=&#8221;1px&#8221; icon_font_size=&#8221;65px&#8221; global_colors_info=&#8221;{}&#8221;]<\/p>\n<p>Phainomena 33 | 128-129 | June 2024<\/p>\n<p><strong>Marcations | Zazna\u010dbe<\/strong><\/p>\n<p>[\/et_pb_blurb][\/et_pb_column][\/et_pb_row][et_pb_row _builder_version=&#8221;4.24.0&#8243; _module_preset=&#8221;default&#8221; locked=&#8221;off&#8221; global_colors_info=&#8221;{}&#8221;][et_pb_column type=&#8221;4_4&#8243; _builder_version=&#8221;4.24.0&#8243; _module_preset=&#8221;default&#8221; global_colors_info=&#8221;{}&#8221;][et_pb_button button_url=&#8221;https:\/\/www.phainomena.com\/en\/&#8221; url_new_window=&#8221;on&#8221; button_text=&#8221;WEBSITE&#8221; button_alignment=&#8221;left&#8221; button_alignment_tablet=&#8221;center&#8221; button_alignment_phone=&#8221;center&#8221; button_alignment_last_edited=&#8221;on|phone&#8221; _builder_version=&#8221;4.27.2&#8243; _module_preset=&#8221;default&#8221; custom_button=&#8221;on&#8221; button_text_size=&#8221;14px&#8221; button_text_color=&#8221;#666666&#8243; button_icon=&#8221;&#x39;||divi||400&#8243; button_on_hover=&#8221;off&#8221; custom_margin_tablet=&#8221;&#8221; custom_margin_phone=&#8221;&#8221; custom_margin_last_edited=&#8221;on|desktop&#8221; custom_padding=&#8221;||3px|18px|false|false&#8221; button_text_size_tablet=&#8221;13px&#8221; button_text_size_phone=&#8221;12px&#8221; button_text_size_last_edited=&#8221;on|phone&#8221; global_colors_info=&#8221;{}&#8221; button_text_color__hover=&#8221;#f66958&#8243; button_text_color__hover_enabled=&#8221;on&#8221; button_border_color__hover=&#8221;#f66958&#8243; button_border_color__hover_enabled=&#8221;on&#8221;][\/et_pb_button][\/et_pb_column][\/et_pb_row][\/et_pb_section]<\/p>\n","protected":false},"excerpt":{"rendered":"<p>JOURNALSPHAINOMENAJOURNAL OF PHENOMENOLOGY AND HERMENEUTICS Editor-in-Chief: Andrina Tonkli Komel Editorial Board: Jan Bednarik, Tine Hribar, Valentin Kalan, Branko Klun, Dean Komel, Ivan Urban\u010di\u010d+, Franci Zore, Andrej Bo\u017ei\u010d Secretary: Andrej Bo\u017ei\u010dPhainomena 34 | 134-135| November 2025 Witold P\u0142otka &amp; Andrej Bo\u017ei\u010d (Eds.) The Thought of Leopold Blaustein in Context. Critical Essays and MaterialsPhainomena 34 | 132-133 [&hellip;]<\/p>\n","protected":false},"author":1,"featured_media":0,"parent":2485,"menu_order":1,"comment_status":"closed","ping_status":"closed","template":"","meta":{"_acf_changed":false,"_et_pb_use_builder":"on","_et_pb_old_content":"","_et_gb_content_width":"","footnotes":""},"class_list":["post-1921","page","type-page","status-publish","hentry"],"acf":[],"_links":{"self":[{"href":"https:\/\/www.institut-nr.si\/en\/wp-json\/wp\/v2\/pages\/1921","targetHints":{"allow":["GET"]}}],"collection":[{"href":"https:\/\/www.institut-nr.si\/en\/wp-json\/wp\/v2\/pages"}],"about":[{"href":"https:\/\/www.institut-nr.si\/en\/wp-json\/wp\/v2\/types\/page"}],"author":[{"embeddable":true,"href":"https:\/\/www.institut-nr.si\/en\/wp-json\/wp\/v2\/users\/1"}],"replies":[{"embeddable":true,"href":"https:\/\/www.institut-nr.si\/en\/wp-json\/wp\/v2\/comments?post=1921"}],"version-history":[{"count":16,"href":"https:\/\/www.institut-nr.si\/en\/wp-json\/wp\/v2\/pages\/1921\/revisions"}],"predecessor-version":[{"id":2718,"href":"https:\/\/www.institut-nr.si\/en\/wp-json\/wp\/v2\/pages\/1921\/revisions\/2718"}],"up":[{"embeddable":true,"href":"https:\/\/www.institut-nr.si\/en\/wp-json\/wp\/v2\/pages\/2485"}],"wp:attachment":[{"href":"https:\/\/www.institut-nr.si\/en\/wp-json\/wp\/v2\/media?parent=1921"}],"curies":[{"name":"wp","href":"https:\/\/api.w.org\/{rel}","templated":true}]}}